{"id":1015,"date":"2026-03-19T10:56:13","date_gmt":"2026-03-19T09:56:13","guid":{"rendered":"https:\/\/thewingbook.com\/en\/?page_id=1015"},"modified":"2026-04-17T13:36:44","modified_gmt":"2026-04-17T11:36:44","slug":"maria-socastro-gonzalez","status":"publish","type":"page","link":"https:\/\/thewingbook.com\/en\/autores\/maria-socastro-gonzalez\/","title":{"rendered":"Mar\u00eda Socastro Gonz\u00e1lez"},"content":{"rendered":"\t\t<div data-elementor-type=\"wp-page\" data-elementor-id=\"1015\" class=\"elementor elementor-1015\" data-elementor-post-type=\"page\">\n\t\t\t\t<div class=\"elementor-element elementor-element-4adcf83 e-flex e-con-boxed e-con e-parent\" data-id=\"4adcf83\" data-element_type=\"container\" data-e-type=\"container\" data-settings=\"{&quot;background_background&quot;:&quot;classic&quot;,&quot;shape_divider_bottom&quot;:&quot;curve&quot;,&quot;shape_divider_bottom_negative&quot;:&quot;yes&quot;}\">\n\t\t\t\t\t<div class=\"e-con-inner\">\n\t\t\t\t<div class=\"elementor-shape elementor-shape-bottom\" aria-hidden=\"true\" data-negative=\"true\">\n\t\t\t<svg xmlns=\"http:\/\/www.w3.org\/2000\/svg\" viewBox=\"0 0 1000 100\" preserveAspectRatio=\"none\">\n\t<path class=\"elementor-shape-fill\" d=\"M500,97C126.7,96.3,0.8,19.8,0,0v100l1000,0V1C1000,19.4,873.3,97.8,500,97z\"\/>\n<\/svg>\t\t<\/div>\n\t\t\t\t\t<\/div>\n\t\t\t\t<\/div>\n\t\t<div class=\"elementor-element elementor-element-08fbd3f e-flex e-con-boxed e-con e-parent\" data-id=\"08fbd3f\" data-element_type=\"container\" data-e-type=\"container\">\n\t\t\t\t\t<div class=\"e-con-inner\">\n\t\t<div class=\"elementor-element elementor-element-62e403c e-con-full e-flex e-con e-child\" data-id=\"62e403c\" data-element_type=\"container\" data-e-type=\"container\">\n\t\t<div class=\"elementor-element elementor-element-adc0d31 e-con-full e-flex e-con e-child\" data-id=\"adc0d31\" data-element_type=\"container\" data-e-type=\"container\">\n\t\t\t\t<div class=\"elementor-element elementor-element-4e1cad2 elementor-widget elementor-widget-image\" data-id=\"4e1cad2\" data-element_type=\"widget\" data-e-type=\"widget\" data-widget_type=\"image.default\">\n\t\t\t\t\t\t\t\t\t\t\t\t\t\t\t<img fetchpriority=\"high\" decoding=\"async\" width=\"400\" height=\"600\" src=\"https:\/\/thewingbook.com\/en\/wp-content\/uploads\/2026\/03\/Foto-Maria-Editorial.png\" class=\"attachment-large size-large wp-image-1425\" alt=\"Maria Socastro Gonzalez\" srcset=\"https:\/\/thewingbook.com\/en\/wp-content\/uploads\/2026\/03\/Foto-Maria-Editorial.png 400w, https:\/\/thewingbook.com\/en\/wp-content\/uploads\/2026\/03\/Foto-Maria-Editorial-200x300.png 200w\" sizes=\"(max-width: 400px) 100vw, 400px\" \/>\t\t\t\t\t\t\t\t\t\t\t\t\t\t\t<\/div>\n\t\t\t\t<\/div>\n\t\t<div class=\"elementor-element elementor-element-19c23bf e-con-full e-flex e-con e-child\" data-id=\"19c23bf\" data-element_type=\"container\" data-e-type=\"container\">\n\t\t\t\t<div class=\"elementor-element elementor-element-c482fe3 elementor-widget elementor-widget-heading\" data-id=\"c482fe3\" data-element_type=\"widget\" data-e-type=\"widget\" data-widget_type=\"heading.default\">\n\t\t\t\t\t<h2 class=\"elementor-heading-title elementor-size-default\">Mar\u00eda Socastro Gonz\u00e1lez<\/h2>\t\t\t\t<\/div>\n\t\t\t\t<div class=\"elementor-element elementor-element-3ab8644 elementor-shape-circle elementor-grid-tablet-0 e-grid-align-tablet-left elementor-grid-0 e-grid-align-center elementor-widget elementor-widget-social-icons\" data-id=\"3ab8644\" data-element_type=\"widget\" data-e-type=\"widget\" data-widget_type=\"social-icons.default\">\n\t\t\t\t\t\t\t<div class=\"elementor-social-icons-wrapper elementor-grid\" role=\"list\">\n\t\t\t\t\t\t\t<span class=\"elementor-grid-item\" role=\"listitem\">\n\t\t\t\t\t<a class=\"elementor-icon elementor-social-icon elementor-social-icon-facebook elementor-repeater-item-ecc1490\" href=\"https:\/\/www.facebook.com\/mariadelsocastro.gonzalez\" target=\"_blank\" rel=\"noopener\">\n\t\t\t\t\t\t<span class=\"elementor-screen-only\">Facebook<\/span>\n\t\t\t\t\t\t<svg aria-hidden=\"true\" class=\"e-font-icon-svg e-fab-facebook\" viewBox=\"0 0 512 512\" xmlns=\"http:\/\/www.w3.org\/2000\/svg\"><path d=\"M504 256C504 119 393 8 256 8S8 119 8 256c0 123.78 90.69 226.38 209.25 245V327.69h-63V256h63v-54.64c0-62.15 37-96.48 93.67-96.48 27.14 0 55.52 4.84 55.52 4.84v61h-31.28c-30.8 0-40.41 19.12-40.41 38.73V256h68.78l-11 71.69h-57.78V501C413.31 482.38 504 379.78 504 256z\"><\/path><\/svg>\t\t\t\t\t<\/a>\n\t\t\t\t<\/span>\n\t\t\t\t\t\t\t<span class=\"elementor-grid-item\" role=\"listitem\">\n\t\t\t\t\t<a class=\"elementor-icon elementor-social-icon elementor-social-icon-instagram elementor-repeater-item-70e011d\" href=\"https:\/\/www.instagram.com\/mariadelsocastrogonzalez\/\" target=\"_blank\" rel=\"noopener\">\n\t\t\t\t\t\t<span class=\"elementor-screen-only\">Instagram<\/span>\n\t\t\t\t\t\t<svg aria-hidden=\"true\" class=\"e-font-icon-svg e-fab-instagram\" viewBox=\"0 0 448 512\" xmlns=\"http:\/\/www.w3.org\/2000\/svg\"><path d=\"M224.1 141c-63.6 0-114.9 51.3-114.9 114.9s51.3 114.9 114.9 114.9S339 319.5 339 255.9 287.7 141 224.1 141zm0 189.6c-41.1 0-74.7-33.5-74.7-74.7s33.5-74.7 74.7-74.7 74.7 33.5 74.7 74.7-33.6 74.7-74.7 74.7zm146.4-194.3c0 14.9-12 26.8-26.8 26.8-14.9 0-26.8-12-26.8-26.8s12-26.8 26.8-26.8 26.8 12 26.8 26.8zm76.1 27.2c-1.7-35.9-9.9-67.7-36.2-93.9-26.2-26.2-58-34.4-93.9-36.2-37-2.1-147.9-2.1-184.9 0-35.8 1.7-67.6 9.9-93.9 36.1s-34.4 58-36.2 93.9c-2.1 37-2.1 147.9 0 184.9 1.7 35.9 9.9 67.7 36.2 93.9s58 34.4 93.9 36.2c37 2.1 147.9 2.1 184.9 0 35.9-1.7 67.7-9.9 93.9-36.2 26.2-26.2 34.4-58 36.2-93.9 2.1-37 2.1-147.8 0-184.8zM398.8 388c-7.8 19.6-22.9 34.7-42.6 42.6-29.5 11.7-99.5 9-132.1 9s-102.7 2.6-132.1-9c-19.6-7.8-34.7-22.9-42.6-42.6-11.7-29.5-9-99.5-9-132.1s-2.6-102.7 9-132.1c7.8-19.6 22.9-34.7 42.6-42.6 29.5-11.7 99.5-9 132.1-9s102.7-2.6 132.1 9c19.6 7.8 34.7 22.9 42.6 42.6 11.7 29.5 9 99.5 9 132.1s2.7 102.7-9 132.1z\"><\/path><\/svg>\t\t\t\t\t<\/a>\n\t\t\t\t<\/span>\n\t\t\t\t\t\t\t<span class=\"elementor-grid-item\" role=\"listitem\">\n\t\t\t\t\t<a class=\"elementor-icon elementor-social-icon elementor-social-icon-youtube elementor-repeater-item-ac047d5\" href=\"https:\/\/www.youtube.com\/@mariadelsocastro\" target=\"_blank\" rel=\"noopener\">\n\t\t\t\t\t\t<span class=\"elementor-screen-only\">Youtube<\/span>\n\t\t\t\t\t\t<svg aria-hidden=\"true\" class=\"e-font-icon-svg e-fab-youtube\" viewBox=\"0 0 576 512\" xmlns=\"http:\/\/www.w3.org\/2000\/svg\"><path d=\"M549.655 124.083c-6.281-23.65-24.787-42.276-48.284-48.597C458.781 64 288 64 288 64S117.22 64 74.629 75.486c-23.497 6.322-42.003 24.947-48.284 48.597-11.412 42.867-11.412 132.305-11.412 132.305s0 89.438 11.412 132.305c6.281 23.65 24.787 41.5 48.284 47.821C117.22 448 288 448 288 448s170.78 0 213.371-11.486c23.497-6.321 42.003-24.171 48.284-47.821 11.412-42.867 11.412-132.305 11.412-132.305s0-89.438-11.412-132.305zm-317.51 213.508V175.185l142.739 81.205-142.739 81.201z\"><\/path><\/svg>\t\t\t\t\t<\/a>\n\t\t\t\t<\/span>\n\t\t\t\t\t<\/div>\n\t\t\t\t\t\t<\/div>\n\t\t\t\t<div class=\"elementor-element elementor-element-79b3d24 elementor-widget elementor-widget-text-editor\" data-id=\"79b3d24\" data-element_type=\"widget\" data-e-type=\"widget\" data-widget_type=\"text-editor.default\">\n\t\t\t\t\t\t\t\t\t<p><a href=\"http:\/\/www.mariasocastro.com\" target=\"_blank\" rel=\"noopener\">www.mariasocastro.com<\/a><\/p>\t\t\t\t\t\t\t\t<\/div>\n\t\t\t\t<\/div>\n\t\t\t\t<\/div>\n\t\t<div class=\"elementor-element elementor-element-af82726 e-con-full e-flex e-con e-child\" data-id=\"af82726\" data-element_type=\"container\" data-e-type=\"container\">\n\t\t\t\t<div class=\"elementor-element elementor-element-9d98e23 elementor-widget elementor-widget-text-editor\" data-id=\"9d98e23\" data-element_type=\"widget\" data-e-type=\"widget\" data-widget_type=\"text-editor.default\">\n\t\t\t\t\t\t\t\t\t<p><strong>Mar\u00eda Socastro Gonz\u00e1lez<\/strong> is passionate about music and sound as tools for healing, combining her artistic training with a deep exploration of energy therapies. Her work integrates the transformative power of voice and vibration to support healing and self-discovery on spiritual, emotional, mental, and physical levels.<\/p>\t\t\t\t\t\t\t\t<\/div>\n\t\t\t\t<div class=\"elementor-element elementor-element-bed6151 elementor-widget elementor-widget-text-editor\" data-id=\"bed6151\" data-element_type=\"widget\" data-e-type=\"widget\" data-widget_type=\"text-editor.default\">\n\t\t\t\t\t\t\t\t\t<p>From a young age, Mar\u00eda felt a natural connection to music, which led her to train professionally in singing and dance. As a mezzo-soprano, she has performed in numerous concerts and recitals, interpreting opera, zarzuela, classical song, and oratorio. However, her path eventually moved beyond artistic performance, awakening in her a deep fascination with the therapeutic dimension of sound.<\/p>\t\t\t\t\t\t\t\t<\/div>\n\t\t\t\t<div class=\"elementor-element elementor-element-926ccc8 elementor-widget elementor-widget-text-editor\" data-id=\"926ccc8\" data-element_type=\"widget\" data-e-type=\"widget\" data-widget_type=\"text-editor.default\">\n\t\t\t\t\t\t\t\t\t<p>Together with Mercedes A. Cadarso S\u00e1nchez, Mar\u00eda co-authored Cacao Ceremonies with Soul, Sound Healing step by step and the <em>Cacao Spirit Oracle<\/em>, a set of 44 cards with a companion guidebook, designed to support inner connection and personal reflection. The English edition is currently in progress to expand its reach.<\/p>\t\t\t\t\t\t\t\t<\/div>\n\t\t\t\t<div class=\"elementor-element elementor-element-c0575f0 elementor-widget elementor-widget-text-editor\" data-id=\"c0575f0\" data-element_type=\"widget\" data-e-type=\"widget\" data-widget_type=\"text-editor.default\">\n\t\t\t\t\t\t\t\t\t<p>She also leads cacao ceremonies that open the heart and help participants connect with their most loving and authentic selves. These gatherings create spaces of deep connection and transformation, guiding each person to experience the magic and healing power of cacao.<\/p>\t\t\t\t\t\t\t\t<\/div>\n\t\t\t\t<div class=\"elementor-element elementor-element-26ce711 elementor-widget elementor-widget-text-editor\" data-id=\"26ce711\" data-element_type=\"widget\" data-e-type=\"widget\" data-widget_type=\"text-editor.default\">\n\t\t\t\t\t\t\t\t\t<p>With over 30 years of experience, Mar\u00eda incorporates a wide range of tools and disciplines to support well-being:<\/p>\t\t\t\t\t\t\t\t<\/div>\n\t\t\t\t<div class=\"elementor-element elementor-element-c2b068d elementor-widget elementor-widget-text-editor\" data-id=\"c2b068d\" data-element_type=\"widget\" data-e-type=\"widget\" data-widget_type=\"text-editor.default\">\n\t\t\t\t\t\t\t\t\t<p><strong>Energy therapies<\/strong>: Unitary Reiki (Reiki through voice), work with the human energy system (chakras, meridians, and aura), chromotherapy, energy testing, aromatherapy, Bach flower remedies, psycho-energetic crystal resonance, tuning forks, and Tibetan and crystal singing bowls.<\/p>\t\t\t\t\t\t\t\t<\/div>\n\t\t\t\t<div class=\"elementor-element elementor-element-9ef54d7 elementor-widget elementor-widget-text-editor\" data-id=\"9ef54d7\" data-element_type=\"widget\" data-e-type=\"widget\" data-widget_type=\"text-editor.default\">\n\t\t\t\t\t\t\t\t\t<p><strong>Psychological tools<\/strong>: EFT (Emotional Freedom Technique), Enneagram, and Energy Psychology, Ontological Coaching, Eye Movement Integration (EMI), Brain Integration Technique (TIC), Pain Erasure Technique (PET), and Energy Psychology, among others.<\/p>\t\t\t\t\t\t\t\t<\/div>\n\t\t\t\t<div class=\"elementor-element elementor-element-5f6be5b elementor-widget elementor-widget-text-editor\" data-id=\"5f6be5b\" data-element_type=\"widget\" data-e-type=\"widget\" data-widget_type=\"text-editor.default\">\n\t\t\t\t\t\t\t\t\t<p>As a facilitator, Mar\u00eda offers both in-person and online courses and trainings, known for her ability to share knowledge in a dynamic and accessible way. Her teaching style encourages learning through play and experimentation, making the integration of knowledge both natural and enjoyable.<\/p>\t\t\t\t\t\t\t\t<\/div>\n\t\t\t\t<div class=\"elementor-element elementor-element-35715e4 elementor-widget elementor-widget-text-editor\" data-id=\"35715e4\" data-element_type=\"widget\" data-e-type=\"widget\" data-widget_type=\"text-editor.default\">\n\t\t\t\t\t\t\t\t\t<p>Mar\u00eda continues to explore and refine new ways of applying sound and energy to healing, with the conviction that vibration is one of the most powerful tools for balance and holistic well-being.<\/p>\t\t\t\t\t\t\t\t<\/div>\n\t\t\t\t<\/div>\n\t\t\t\t<div class=\"elementor-element elementor-element-a705ca3 elementor-widget elementor-widget-heading\" data-id=\"a705ca3\" data-element_type=\"widget\" data-e-type=\"widget\" data-widget_type=\"heading.default\">\n\t\t\t\t\t<h4 class=\"elementor-heading-title elementor-size-default\">Books by \u200bMar\u00eda Socastro Gonz\u00e1lez<\/h4>\t\t\t\t<\/div>\n\t\t\t\t<div class=\"elementor-element elementor-element-ff84c9a elementor-pagination-type-bullets elementor-pagination-position-outside elementor-widget elementor-widget-loop-carousel\" data-id=\"ff84c9a\" data-element_type=\"widget\" data-e-type=\"widget\" data-settings=\"{&quot;template_id&quot;:&quot;721&quot;,&quot;slides_to_show&quot;:&quot;6&quot;,&quot;slides_to_show_tablet&quot;:&quot;4&quot;,&quot;slides_to_show_mobile&quot;:&quot;2&quot;,&quot;autoplay_speed&quot;:3000,&quot;image_spacing_custom&quot;:{&quot;unit&quot;:&quot;px&quot;,&quot;size&quot;:15,&quot;sizes&quot;:[]},&quot;_skin&quot;:&quot;post&quot;,&quot;slides_to_scroll&quot;:&quot;1&quot;,&quot;edit_handle_selector&quot;:&quot;.elementor-loop-container&quot;,&quot;autoplay&quot;:&quot;yes&quot;,&quot;pause_on_hover&quot;:&quot;yes&quot;,&quot;pause_on_interaction&quot;:&quot;yes&quot;,&quot;speed&quot;:500,&quot;pagination&quot;:&quot;bullets&quot;,&quot;image_spacing_custom_tablet&quot;:{&quot;unit&quot;:&quot;px&quot;,&quot;size&quot;:&quot;&quot;,&quot;sizes&quot;:[]},&quot;image_spacing_custom_mobile&quot;:{&quot;unit&quot;:&quot;px&quot;,&quot;size&quot;:&quot;&quot;,&quot;sizes&quot;:[]}}\" data-widget_type=\"loop-carousel.post\">\n\t\t\t\t\t\t\t<div class=\"swiper elementor-loop-container elementor-grid\" role=\"list\" dir=\"ltr\">\n\t\t\t\t<div class=\"swiper-wrapper\" aria-live=\"off\">\n\t\t<style id=\"loop-721\">.elementor-721 .elementor-element.elementor-element-6b3ee58{--display:flex;--flex-direction:column;--container-widget-width:100%;--container-widget-height:initial;--container-widget-flex-grow:0;--container-widget-align-self:initial;--flex-wrap-mobile:wrap;--padding-top:0rem;--padding-bottom:0rem;--padding-left:0rem;--padding-right:0rem;}<\/style>\t\t<div data-elementor-type=\"loop-item\" data-elementor-id=\"721\" class=\"elementor elementor-721 swiper-slide e-loop-item e-loop-item-1513 post-1513 libro type-libro status-publish has-post-thumbnail hentry autor-maria-socastro-gonzalez autor-mercedes-cadarso-sanchez categoria-emotional categoria-energy categoria-spiritual\" data-elementor-post-type=\"elementor_library\" role=\"group\" aria-roledescription=\"slide\" data-custom-edit-handle=\"1\">\n\t\t\t<div class=\"elementor-element elementor-element-6b3ee58 e-flex e-con-boxed e-con e-parent\" data-id=\"6b3ee58\" data-element_type=\"container\" data-e-type=\"container\">\n\t\t\t\t\t<div class=\"e-con-inner\">\n\t\t\t\t<div class=\"elementor-element elementor-element-6915cb4 elementor-widget elementor-widget-image\" data-id=\"6915cb4\" data-element_type=\"widget\" data-e-type=\"widget\" data-widget_type=\"image.default\">\n\t\t\t\t\t\t\t\t\t\t\t\t\t\t\t\t<a href=\"https:\/\/thewingbook.com\/en\/libro\/cacao-ceremonies\/\">\n\t\t\t\t\t\t\t<img decoding=\"async\" width=\"705\" height=\"1024\" src=\"https:\/\/thewingbook.com\/en\/wp-content\/uploads\/2026\/03\/Cacao-ing-portada-705x1024.png\" class=\"attachment-large size-large wp-image-1799\" alt=\"Cacao ceremonies with soul\" srcset=\"https:\/\/thewingbook.com\/en\/wp-content\/uploads\/2026\/03\/Cacao-ing-portada-705x1024.png 705w, https:\/\/thewingbook.com\/en\/wp-content\/uploads\/2026\/03\/Cacao-ing-portada-207x300.png 207w, https:\/\/thewingbook.com\/en\/wp-content\/uploads\/2026\/03\/Cacao-ing-portada-768x1115.png 768w, https:\/\/thewingbook.com\/en\/wp-content\/uploads\/2026\/03\/Cacao-ing-portada.png 885w\" sizes=\"(max-width: 705px) 100vw, 705px\" \/>\t\t\t\t\t\t\t\t<\/a>\n\t\t\t\t\t\t\t\t\t\t\t\t\t\t\t<\/div>\n\t\t\t\t\t<\/div>\n\t\t\t\t<\/div>\n\t\t\t\t<\/div>\n\t\t\t\t<div data-elementor-type=\"loop-item\" data-elementor-id=\"721\" class=\"elementor elementor-721 swiper-slide e-loop-item e-loop-item-1456 post-1456 libro type-libro status-publish has-post-thumbnail hentry autor-maria-socastro-gonzalez autor-mercedes-cadarso-sanchez categoria-oracle-cards categoria-spiritual\" data-elementor-post-type=\"elementor_library\" role=\"group\" aria-roledescription=\"slide\" data-custom-edit-handle=\"1\">\n\t\t\t<div class=\"elementor-element elementor-element-6b3ee58 e-flex e-con-boxed e-con e-parent\" data-id=\"6b3ee58\" data-element_type=\"container\" data-e-type=\"container\">\n\t\t\t\t\t<div class=\"e-con-inner\">\n\t\t\t\t<div class=\"elementor-element elementor-element-6915cb4 elementor-widget elementor-widget-image\" data-id=\"6915cb4\" data-element_type=\"widget\" data-e-type=\"widget\" data-widget_type=\"image.default\">\n\t\t\t\t\t\t\t\t\t\t\t\t\t\t\t\t<a href=\"https:\/\/thewingbook.com\/en\/libro\/cacao-spirit\/\">\n\t\t\t\t\t\t\t<img decoding=\"async\" width=\"705\" height=\"1024\" src=\"https:\/\/thewingbook.com\/en\/wp-content\/uploads\/2026\/03\/Cartas-cacao-portada-705x1024.png\" class=\"attachment-large size-large wp-image-1556\" alt=\"Esp\u00edritu del Cacao\" srcset=\"https:\/\/thewingbook.com\/en\/wp-content\/uploads\/2026\/03\/Cartas-cacao-portada-705x1024.png 705w, https:\/\/thewingbook.com\/en\/wp-content\/uploads\/2026\/03\/Cartas-cacao-portada-207x300.png 207w, https:\/\/thewingbook.com\/en\/wp-content\/uploads\/2026\/03\/Cartas-cacao-portada-768x1115.png 768w, https:\/\/thewingbook.com\/en\/wp-content\/uploads\/2026\/03\/Cartas-cacao-portada.png 885w\" sizes=\"(max-width: 705px) 100vw, 705px\" \/>\t\t\t\t\t\t\t\t<\/a>\n\t\t\t\t\t\t\t\t\t\t\t\t\t\t\t<\/div>\n\t\t\t\t\t<\/div>\n\t\t\t\t<\/div>\n\t\t\t\t<\/div>\n\t\t\t\t<div data-elementor-type=\"loop-item\" data-elementor-id=\"721\" class=\"elementor elementor-721 swiper-slide e-loop-item e-loop-item-1123 post-1123 libro type-libro status-publish has-post-thumbnail hentry autor-maria-socastro-gonzalez autor-mercedes-cadarso-sanchez categoria-energy\" data-elementor-post-type=\"elementor_library\" role=\"group\" aria-roledescription=\"slide\" data-custom-edit-handle=\"1\">\n\t\t\t<div class=\"elementor-element elementor-element-6b3ee58 e-flex e-con-boxed e-con e-parent\" data-id=\"6b3ee58\" data-element_type=\"container\" data-e-type=\"container\">\n\t\t\t\t\t<div class=\"e-con-inner\">\n\t\t\t\t<div class=\"elementor-element elementor-element-6915cb4 elementor-widget elementor-widget-image\" data-id=\"6915cb4\" data-element_type=\"widget\" data-e-type=\"widget\" data-widget_type=\"image.default\">\n\t\t\t\t\t\t\t\t\t\t\t\t\t\t\t\t<a href=\"https:\/\/thewingbook.com\/en\/libro\/sound-healing\/\">\n\t\t\t\t\t\t\t<img loading=\"lazy\" decoding=\"async\" width=\"705\" height=\"1024\" src=\"https:\/\/thewingbook.com\/en\/wp-content\/uploads\/2026\/03\/Sonido-ing-portada-705x1024.png\" class=\"attachment-large size-large wp-image-1854\" alt=\"Sound healing step by step\" srcset=\"https:\/\/thewingbook.com\/en\/wp-content\/uploads\/2026\/03\/Sonido-ing-portada-705x1024.png 705w, https:\/\/thewingbook.com\/en\/wp-content\/uploads\/2026\/03\/Sonido-ing-portada-207x300.png 207w, https:\/\/thewingbook.com\/en\/wp-content\/uploads\/2026\/03\/Sonido-ing-portada-768x1115.png 768w, https:\/\/thewingbook.com\/en\/wp-content\/uploads\/2026\/03\/Sonido-ing-portada.png 885w\" sizes=\"(max-width: 705px) 100vw, 705px\" \/>\t\t\t\t\t\t\t\t<\/a>\n\t\t\t\t\t\t\t\t\t\t\t\t\t\t\t<\/div>\n\t\t\t\t\t<\/div>\n\t\t\t\t<\/div>\n\t\t\t\t<\/div>\n\t\t\t\t<\/div>\n\t\t<\/div>\n\t\t\t\t\t<div class=\"swiper-pagination\"><\/div>\n\t\t\t\t\t\t<\/div>\n\t\t\t\t\t<\/div>\n\t\t\t\t<\/div>\n\t\t\t\t<\/div>\n\t\t","protected":false},"excerpt":{"rendered":"<p>Mar\u00eda Socastro Gonz\u00e1lez Facebook Instagram Youtube www.mariasocastro.com Mar\u00eda Socastro Gonz\u00e1lez is passionate about music and sound as tools for healing, combining her artistic training with a deep exploration of energy therapies. Her work integrates the transformative power of voice and vibration to support healing and self-discovery on spiritual, emotional, mental, and physical levels. From a [&hellip;]<\/p>\n","protected":false},"author":1,"featured_media":0,"parent":541,"menu_order":0,"comment_status":"closed","ping_status":"closed","template":"","meta":{"_acf_changed":false,"footnotes":""},"class_list":["post-1015","page","type-page","status-publish","hentry"],"acf":[],"_links":{"self":[{"href":"https:\/\/thewingbook.com\/en\/wp-json\/wp\/v2\/pages\/1015","targetHints":{"allow":["GET"]}}],"collection":[{"href":"https:\/\/thewingbook.com\/en\/wp-json\/wp\/v2\/pages"}],"about":[{"href":"https:\/\/thewingbook.com\/en\/wp-json\/wp\/v2\/types\/page"}],"author":[{"embeddable":true,"href":"https:\/\/thewingbook.com\/en\/wp-json\/wp\/v2\/users\/1"}],"replies":[{"embeddable":true,"href":"https:\/\/thewingbook.com\/en\/wp-json\/wp\/v2\/comments?post=1015"}],"version-history":[{"count":25,"href":"https:\/\/thewingbook.com\/en\/wp-json\/wp\/v2\/pages\/1015\/revisions"}],"predecessor-version":[{"id":1918,"href":"https:\/\/thewingbook.com\/en\/wp-json\/wp\/v2\/pages\/1015\/revisions\/1918"}],"up":[{"embeddable":true,"href":"https:\/\/thewingbook.com\/en\/wp-json\/wp\/v2\/pages\/541"}],"wp:attachment":[{"href":"https:\/\/thewingbook.com\/en\/wp-json\/wp\/v2\/media?parent=1015"}],"curies":[{"name":"wp","href":"https:\/\/api.w.org\/{rel}","templated":true}]}}