{"id":541,"date":"2025-09-04T00:32:24","date_gmt":"2025-09-03T22:32:24","guid":{"rendered":"https:\/\/wordswithwingspress.com\/?page_id=541"},"modified":"2026-04-09T13:13:25","modified_gmt":"2026-04-09T11:13:25","slug":"autores","status":"publish","type":"page","link":"https:\/\/thewingbook.com\/en\/autores\/","title":{"rendered":"Autores"},"content":{"rendered":"\t\t<div data-elementor-type=\"wp-page\" data-elementor-id=\"541\" class=\"elementor elementor-541\" data-elementor-post-type=\"page\">\n\t\t\t\t<div class=\"elementor-element elementor-element-4799ef9 e-flex e-con-boxed e-con e-parent\" data-id=\"4799ef9\" data-element_type=\"container\" data-e-type=\"container\" data-settings=\"{&quot;background_background&quot;:&quot;classic&quot;,&quot;shape_divider_bottom&quot;:&quot;curve&quot;,&quot;shape_divider_bottom_negative&quot;:&quot;yes&quot;}\">\n\t\t\t\t\t<div class=\"e-con-inner\">\n\t\t\t\t<div class=\"elementor-shape elementor-shape-bottom\" aria-hidden=\"true\" data-negative=\"true\">\n\t\t\t<svg xmlns=\"http:\/\/www.w3.org\/2000\/svg\" viewBox=\"0 0 1000 100\" preserveAspectRatio=\"none\">\n\t<path class=\"elementor-shape-fill\" d=\"M500,97C126.7,96.3,0.8,19.8,0,0v100l1000,0V1C1000,19.4,873.3,97.8,500,97z\"\/>\n<\/svg>\t\t<\/div>\n\t\t\t\t\t<\/div>\n\t\t\t\t<\/div>\n\t\t<div class=\"elementor-element elementor-element-4f40a7c e-flex e-con-boxed e-con e-parent\" data-id=\"4f40a7c\" data-element_type=\"container\" data-e-type=\"container\">\n\t\t\t\t\t<div class=\"e-con-inner\">\n\t\t<div class=\"elementor-element elementor-element-472ec7c e-con-full e-flex e-con e-child\" data-id=\"472ec7c\" data-element_type=\"container\" data-e-type=\"container\">\n\t\t\t\t<div class=\"elementor-element elementor-element-9e99592 elementor-widget elementor-widget-heading\" data-id=\"9e99592\" data-element_type=\"widget\" data-e-type=\"widget\" data-widget_type=\"heading.default\">\n\t\t\t\t\t<h1 class=\"elementor-heading-title elementor-size-default\">Autores<\/h1>\t\t\t\t<\/div>\n\t\t\t\t<div class=\"elementor-element elementor-element-038979b elementor-widget elementor-widget-text-editor\" data-id=\"038979b\" data-element_type=\"widget\" data-e-type=\"widget\" data-widget_type=\"text-editor.default\">\n\t\t\t\t\t\t\t\t\t<p>Los corazones y mentes que hay detr\u00e1s de nuestras publicaciones<\/p>\t\t\t\t\t\t\t\t<\/div>\n\t\t\t\t<\/div>\n\t\t<div class=\"elementor-element elementor-element-77c033d e-con-full e-flex e-con e-child\" data-id=\"77c033d\" data-element_type=\"container\" data-e-type=\"container\">\n\t\t<div class=\"elementor-element elementor-element-760e25f e-grid e-con-full e-con e-child\" data-id=\"760e25f\" data-element_type=\"container\" data-e-type=\"container\">\n\t\t<a class=\"elementor-element elementor-element-fbffc34 e-con-full e-flex e-con e-child\" data-id=\"fbffc34\" data-element_type=\"container\" data-e-type=\"container\" href=\"https:\/\/thewingbook.com\/en\/autores\/lorena-aguirre-cadarso\/\">\n\t\t\t\t<div class=\"elementor-element elementor-element-813ae27 elementor-widget elementor-widget-image\" data-id=\"813ae27\" data-element_type=\"widget\" data-e-type=\"widget\" data-widget_type=\"image.default\">\n\t\t\t\t\t\t\t\t\t\t\t\t\t\t\t<img fetchpriority=\"high\" decoding=\"async\" width=\"500\" height=\"600\" src=\"https:\/\/thewingbook.com\/en\/wp-content\/uploads\/2026\/03\/Lorena-peq.png\" class=\"attachment-large size-large wp-image-1225\" alt=\"Lorena Aguirre Cadarso\" srcset=\"https:\/\/thewingbook.com\/en\/wp-content\/uploads\/2026\/03\/Lorena-peq.png 500w, https:\/\/thewingbook.com\/en\/wp-content\/uploads\/2026\/03\/Lorena-peq-250x300.png 250w\" sizes=\"(max-width: 500px) 100vw, 500px\" \/>\t\t\t\t\t\t\t\t\t\t\t\t\t\t\t<\/div>\n\t\t<div class=\"elementor-element elementor-element-10d88e3 e-con-full e-flex e-con e-child\" data-id=\"10d88e3\" data-element_type=\"container\" data-e-type=\"container\" data-settings=\"{&quot;background_background&quot;:&quot;classic&quot;}\">\n\t\t\t\t<div class=\"elementor-element elementor-element-38ff1b0 elementor-widget elementor-widget-text-editor\" data-id=\"38ff1b0\" data-element_type=\"widget\" data-e-type=\"widget\" data-widget_type=\"text-editor.default\">\n\t\t\t\t\t\t\t\t\t<p>Lorena Aguirre Cadarso<\/p>\t\t\t\t\t\t\t\t<\/div>\n\t\t\t\t<\/div>\n\t\t\t\t<\/a>\n\t\t<a class=\"elementor-element elementor-element-f498f7f e-con-full e-flex e-con e-child\" data-id=\"f498f7f\" data-element_type=\"container\" data-e-type=\"container\" href=\"https:\/\/thewingbook.com\/en\/autores\/manuel-lopez-cano\/\">\n\t\t\t\t<div class=\"elementor-element elementor-element-0c0232f elementor-widget elementor-widget-image\" data-id=\"0c0232f\" data-element_type=\"widget\" data-e-type=\"widget\" data-widget_type=\"image.default\">\n\t\t\t\t\t\t\t\t\t\t\t\t\t\t\t<img decoding=\"async\" width=\"800\" height=\"1000\" src=\"https:\/\/thewingbook.com\/en\/wp-content\/uploads\/2026\/03\/WhatsApp-Image-2022-07-26-at-1.26.47-PM-819x1024.jpeg\" class=\"attachment-large size-large wp-image-1226\" alt=\"\" srcset=\"https:\/\/thewingbook.com\/en\/wp-content\/uploads\/2026\/03\/WhatsApp-Image-2022-07-26-at-1.26.47-PM-819x1024.jpeg 819w, https:\/\/thewingbook.com\/en\/wp-content\/uploads\/2026\/03\/WhatsApp-Image-2022-07-26-at-1.26.47-PM-240x300.jpeg 240w, https:\/\/thewingbook.com\/en\/wp-content\/uploads\/2026\/03\/WhatsApp-Image-2022-07-26-at-1.26.47-PM-768x960.jpeg 768w, https:\/\/thewingbook.com\/en\/wp-content\/uploads\/2026\/03\/WhatsApp-Image-2022-07-26-at-1.26.47-PM-1229x1536.jpeg 1229w, https:\/\/thewingbook.com\/en\/wp-content\/uploads\/2026\/03\/WhatsApp-Image-2022-07-26-at-1.26.47-PM.jpeg 1280w\" sizes=\"(max-width: 800px) 100vw, 800px\" \/>\t\t\t\t\t\t\t\t\t\t\t\t\t\t\t<\/div>\n\t\t<div class=\"elementor-element elementor-element-7ae1710 e-con-full e-flex e-con e-child\" data-id=\"7ae1710\" data-element_type=\"container\" data-e-type=\"container\" data-settings=\"{&quot;background_background&quot;:&quot;classic&quot;}\">\n\t\t\t\t<div class=\"elementor-element elementor-element-907149c elementor-widget elementor-widget-text-editor\" data-id=\"907149c\" data-element_type=\"widget\" data-e-type=\"widget\" data-widget_type=\"text-editor.default\">\n\t\t\t\t\t\t\t\t\t<p>Manuel L\u00f3pez Cano<\/p>\t\t\t\t\t\t\t\t<\/div>\n\t\t\t\t<\/div>\n\t\t\t\t<\/a>\n\t\t<a class=\"elementor-element elementor-element-ed1bff9 e-con-full e-flex e-con e-child\" data-id=\"ed1bff9\" data-element_type=\"container\" data-e-type=\"container\" href=\"https:\/\/thewingbook.com\/en\/autores\/maria-socastro-gonzalez\/\">\n\t\t\t\t<div class=\"elementor-element elementor-element-657c101 elementor-widget elementor-widget-image\" data-id=\"657c101\" data-element_type=\"widget\" data-e-type=\"widget\" data-widget_type=\"image.default\">\n\t\t\t\t\t\t\t\t\t\t\t\t\t\t\t<img decoding=\"async\" width=\"400\" height=\"444\" src=\"https:\/\/thewingbook.com\/en\/wp-content\/uploads\/2026\/02\/Maria-de-blanco-plano-corto.png\" class=\"attachment-large size-large wp-image-910\" alt=\"\" srcset=\"https:\/\/thewingbook.com\/en\/wp-content\/uploads\/2026\/02\/Maria-de-blanco-plano-corto.png 400w, https:\/\/thewingbook.com\/en\/wp-content\/uploads\/2026\/02\/Maria-de-blanco-plano-corto-270x300.png 270w\" sizes=\"(max-width: 400px) 100vw, 400px\" \/>\t\t\t\t\t\t\t\t\t\t\t\t\t\t\t<\/div>\n\t\t<div class=\"elementor-element elementor-element-6f833dc e-con-full e-flex e-con e-child\" data-id=\"6f833dc\" data-element_type=\"container\" data-e-type=\"container\" data-settings=\"{&quot;background_background&quot;:&quot;classic&quot;}\">\n\t\t\t\t<div class=\"elementor-element elementor-element-dade47a elementor-widget elementor-widget-text-editor\" data-id=\"dade47a\" data-element_type=\"widget\" data-e-type=\"widget\" data-widget_type=\"text-editor.default\">\n\t\t\t\t\t\t\t\t\t<p>Mar\u00eda Socastro Gonz\u00e1lez<\/p>\t\t\t\t\t\t\t\t<\/div>\n\t\t\t\t<\/div>\n\t\t\t\t<\/a>\n\t\t<a class=\"elementor-element elementor-element-55385ce e-con-full e-flex e-con e-child\" data-id=\"55385ce\" data-element_type=\"container\" data-e-type=\"container\" href=\"https:\/\/thewingbook.com\/en\/autores\/mercedes-cadarso-sanchez\/\">\n\t\t\t\t<div class=\"elementor-element elementor-element-a43bb21 elementor-widget elementor-widget-image\" data-id=\"a43bb21\" data-element_type=\"widget\" data-e-type=\"widget\" data-widget_type=\"image.default\">\n\t\t\t\t\t\t\t\t\t\t\t\t\t\t\t<img loading=\"lazy\" decoding=\"async\" width=\"250\" height=\"300\" src=\"https:\/\/thewingbook.com\/en\/wp-content\/uploads\/2026\/02\/Mercedes-Cadarso.jpg\" class=\"attachment-large size-large wp-image-911\" alt=\"Mercedes Cadarso S\u00e1nchez\" \/>\t\t\t\t\t\t\t\t\t\t\t\t\t\t\t<\/div>\n\t\t<div class=\"elementor-element elementor-element-6e36873 e-con-full e-flex e-con e-child\" data-id=\"6e36873\" data-element_type=\"container\" data-e-type=\"container\" data-settings=\"{&quot;background_background&quot;:&quot;classic&quot;}\">\n\t\t\t\t<div class=\"elementor-element elementor-element-4afd890 elementor-widget elementor-widget-text-editor\" data-id=\"4afd890\" data-element_type=\"widget\" data-e-type=\"widget\" data-widget_type=\"text-editor.default\">\n\t\t\t\t\t\t\t\t\t<p>Mercedes Cadarso S\u00e1nchez<\/p>\t\t\t\t\t\t\t\t<\/div>\n\t\t\t\t<\/div>\n\t\t\t\t<\/a>\n\t\t<a class=\"elementor-element elementor-element-8ac6fcd e-con-full e-flex e-con e-child\" data-id=\"8ac6fcd\" data-element_type=\"container\" data-e-type=\"container\" href=\"https:\/\/thewingbook.com\/en\/autores\/pedro-espadas\/\">\n\t\t\t\t<div class=\"elementor-element elementor-element-c6b0b3c elementor-widget elementor-widget-image\" data-id=\"c6b0b3c\" data-element_type=\"widget\" data-e-type=\"widget\" data-widget_type=\"image.default\">\n\t\t\t\t\t\t\t\t\t\t\t\t\t\t\t<img loading=\"lazy\" decoding=\"async\" width=\"800\" height=\"965\" src=\"https:\/\/thewingbook.com\/en\/wp-content\/uploads\/2026\/03\/Pedro-01-849x1024.jpg\" class=\"attachment-large size-large wp-image-1227\" alt=\"\" srcset=\"https:\/\/thewingbook.com\/en\/wp-content\/uploads\/2026\/03\/Pedro-01-849x1024.jpg 849w, https:\/\/thewingbook.com\/en\/wp-content\/uploads\/2026\/03\/Pedro-01-249x300.jpg 249w, https:\/\/thewingbook.com\/en\/wp-content\/uploads\/2026\/03\/Pedro-01-768x926.jpg 768w, https:\/\/thewingbook.com\/en\/wp-content\/uploads\/2026\/03\/Pedro-01.jpg 956w\" sizes=\"(max-width: 800px) 100vw, 800px\" \/>\t\t\t\t\t\t\t\t\t\t\t\t\t\t\t<\/div>\n\t\t<div class=\"elementor-element elementor-element-d5c0613 e-con-full e-flex e-con e-child\" data-id=\"d5c0613\" data-element_type=\"container\" data-e-type=\"container\" data-settings=\"{&quot;background_background&quot;:&quot;classic&quot;}\">\n\t\t\t\t<div class=\"elementor-element elementor-element-d87beb9 elementor-widget elementor-widget-text-editor\" data-id=\"d87beb9\" data-element_type=\"widget\" data-e-type=\"widget\" data-widget_type=\"text-editor.default\">\n\t\t\t\t\t\t\t\t\t<p>Pedro Espadas<\/p>\t\t\t\t\t\t\t\t<\/div>\n\t\t\t\t<\/div>\n\t\t\t\t<\/a>\n\t\t<a class=\"elementor-element elementor-element-26a277b e-con-full e-flex e-con e-child\" data-id=\"26a277b\" data-element_type=\"container\" data-e-type=\"container\" href=\"https:\/\/thewingbook.com\/en\/autores\/victoria-cadarso\/\">\n\t\t\t\t<div class=\"elementor-element elementor-element-057d8a0 elementor-widget elementor-widget-image\" data-id=\"057d8a0\" data-element_type=\"widget\" data-e-type=\"widget\" data-widget_type=\"image.default\">\n\t\t\t\t\t\t\t\t\t\t\t\t\t\t\t<img loading=\"lazy\" decoding=\"async\" width=\"400\" height=\"600\" src=\"https:\/\/thewingbook.com\/en\/wp-content\/uploads\/2026\/02\/Victoria-Cadarso-S.jpg\" class=\"attachment-large size-large wp-image-908\" alt=\"\" srcset=\"https:\/\/thewingbook.com\/en\/wp-content\/uploads\/2026\/02\/Victoria-Cadarso-S.jpg 400w, https:\/\/thewingbook.com\/en\/wp-content\/uploads\/2026\/02\/Victoria-Cadarso-S-200x300.jpg 200w\" sizes=\"(max-width: 400px) 100vw, 400px\" \/>\t\t\t\t\t\t\t\t\t\t\t\t\t\t\t<\/div>\n\t\t<div class=\"elementor-element elementor-element-466c16c e-con-full e-flex e-con e-child\" data-id=\"466c16c\" data-element_type=\"container\" data-e-type=\"container\" data-settings=\"{&quot;background_background&quot;:&quot;classic&quot;}\">\n\t\t\t\t<div class=\"elementor-element elementor-element-25c8f4c elementor-widget elementor-widget-text-editor\" data-id=\"25c8f4c\" data-element_type=\"widget\" data-e-type=\"widget\" data-widget_type=\"text-editor.default\">\n\t\t\t\t\t\t\t\t\t<p>Victoria Cadarso S\u00e1nchez<\/p>\t\t\t\t\t\t\t\t<\/div>\n\t\t\t\t<\/div>\n\t\t\t\t<\/a>\n\t\t\t\t<\/div>\n\t\t\t\t<\/div>\n\t\t\t\t\t<\/div>\n\t\t\t\t<\/div>\n\t\t\t\t<\/div>\n\t\t","protected":false},"excerpt":{"rendered":"<p>Autores Los corazones y mentes que hay detr\u00e1s de nuestras publicaciones Lorena Aguirre Cadarso Manuel L\u00f3pez Cano Mar\u00eda Socastro Gonz\u00e1lez Mercedes Cadarso S\u00e1nchez Pedro Espadas Victoria Cadarso S\u00e1nchez<\/p>\n","protected":false},"author":1,"featured_media":0,"parent":0,"menu_order":0,"comment_status":"closed","ping_status":"closed","template":"","meta":{"_acf_changed":false,"footnotes":""},"class_list":["post-541","page","type-page","status-publish","hentry"],"acf":[],"_links":{"self":[{"href":"https:\/\/thewingbook.com\/en\/wp-json\/wp\/v2\/pages\/541","targetHints":{"allow":["GET"]}}],"collection":[{"href":"https:\/\/thewingbook.com\/en\/wp-json\/wp\/v2\/pages"}],"about":[{"href":"https:\/\/thewingbook.com\/en\/wp-json\/wp\/v2\/types\/page"}],"author":[{"embeddable":true,"href":"https:\/\/thewingbook.com\/en\/wp-json\/wp\/v2\/users\/1"}],"replies":[{"embeddable":true,"href":"https:\/\/thewingbook.com\/en\/wp-json\/wp\/v2\/comments?post=541"}],"version-history":[{"count":146,"href":"https:\/\/thewingbook.com\/en\/wp-json\/wp\/v2\/pages\/541\/revisions"}],"predecessor-version":[{"id":1771,"href":"https:\/\/thewingbook.com\/en\/wp-json\/wp\/v2\/pages\/541\/revisions\/1771"}],"wp:attachment":[{"href":"https:\/\/thewingbook.com\/en\/wp-json\/wp\/v2\/media?parent=541"}],"curies":[{"name":"wp","href":"https:\/\/api.w.org\/{rel}","templated":true}]}}